{"id":6290,"date":"2021-02-27T13:27:10","date_gmt":"2021-02-27T12:27:10","guid":{"rendered":"https:\/\/rethink.mtconsulting.es\/?page_id=6290"},"modified":"2021-02-27T13:27:14","modified_gmt":"2021-02-27T12:27:14","slug":"politica-de-cookies","status":"publish","type":"page","link":"https:\/\/rethinkbcn.cat\/es\/politica-de-cookies\/","title":{"rendered":"Pol\u00edtica de cookies"},"content":{"rendered":"<p>[et_pb_section fb_built=\u00bb1&#8243; _builder_version=\u00bb4.9.0&#8243; _module_preset=\u00bbdefault\u00bb da_disable_devices=\u00bboff|off|off\u00bb da_is_popup=\u00bboff\u00bb da_exit_intent=\u00bboff\u00bb da_has_close=\u00bbon\u00bb da_alt_close=\u00bboff\u00bb da_dark_close=\u00bboff\u00bb da_not_modal=\u00bbon\u00bb da_is_singular=\u00bboff\u00bb da_with_loader=\u00bboff\u00bb da_has_shadow=\u00bbon\u00bb][et_pb_row _builder_version=\u00bb4.9.0&#8243; _module_preset=\u00bbdefault\u00bb][et_pb_column type=\u00bb4_4&#8243; _builder_version=\u00bb4.9.0&#8243; _module_preset=\u00bbdefault\u00bb][et_pb_text _builder_version=\u00bb4.9.0&#8243; _module_preset=\u00bbdefault\u00bb hover_enabled=\u00bb0&#8243; sticky_enabled=\u00bb0&#8243;]<\/p>\n<h2 style=\"text-align: left;\">POL\u00cdTICA DE COOKIES<\/h2>\n<p style=\"text-align: justify;\">A trav\u00e9s de este sitio web no se recaban datos de car\u00e1cter personal de los usuarios sin su conocimiento, ni se ceden a terceros.<\/p>\n<p style=\"text-align: justify;\">Con la finalidad de ofrecerle el mejor servicio y con el objeto de facilitar el uso, se analizan el n\u00famero de p\u00e1ginas visitadas, el n\u00famero de visitas, as\u00ed como la actividad de los visitantes y su frecuencia de utilizaci\u00f3n. A estos efectos, SOCIEDAD BARCELONESA DE ESTUDIOS ECONOMICOS Y SOCIALES utiliza la informaci\u00f3n estad\u00edstica elaborada por el Proveedor de Servicios de Internet.<\/p>\n<p style=\"text-align: justify;\">SOCIEDAD BARCELONESA DE ESTUDIOS ECONOMICOS Y SOCIALES no utiliza cookies para recoger informaci\u00f3n de los usuarios, ni registra las direcciones IP de acceso. \u00danicamente se utilizan cookies propias,\u00a0 de sesi\u00f3n, con finalidad t\u00e9cnica (aquellas que permiten al usuario la navegaci\u00f3n a trav\u00e9s del sitio web y la utilizaci\u00f3n de las diferentes opciones y servicios que en ella existen).<\/p>\n<p style=\"text-align: justify;\">Una Cookie es un fichero que se descarga en su ordenador al acceder a determinadas p\u00e1ginas web. Las cookies permiten a una p\u00e1gina web, entre otras cosas, almacenar y recuperar informaci\u00f3n sobre los h\u00e1bitos de navegaci\u00f3n de un usuario o de su equipo y, dependiendo de la informaci\u00f3n que contenga y de la forma en que utilice su equipo, pueden utilizarse para reconocer al usuario.<\/p>\n<p style=\"text-align: justify;\">Este sitio web puede contener enlaces a sitios web de terceros, cuyas pol\u00edticas de privacidad son ajenas a SOCIEDAD BARCELONESA DE ESTUDIOS ECONOMICOS Y SOCIALES. Al acceder a tales sitios web usted puede decidir si acepta sus pol\u00edticas de privacidad y de cookies. Con car\u00e1cter general, si navega por internet usted puede aceptar o rechazar las cookies de terceros desde las opciones de configuraci\u00f3n de su navegador.<\/p>\n<h3 style=\"text-align: justify;\">TIPOS DE COOKIES<\/h3>\n<p style=\"text-align: justify;\"><strong>SEG\u00daN LA ENTIDAD QUE LAS GESTIONE<\/strong><\/p>\n<ul style=\"text-align: justify;\">\n<li>COOKIES PROPIAS: Son aquellas que se env\u00edan al equipo terminal del usuario desde un equipo o dominio gestionado por el propio editor y desde el que se presta el servicio solicitado por el usuario<\/li>\n<li>COOKIES DE TERCERO: Son aquellas que se env\u00edan al equipo terminal del usuario desde un equipo o dominio que no es gestionado por el editor, sino por otra entidad que trata los datos obtenidos a trav\u00e9s de las cookies.<\/li>\n<\/ul>\n<p style=\"text-align: justify;\"><strong>SEG\u00daN EL PLAZO DE TIEMPO QUE PERMANEZCAN ACTIVADAS<\/strong><\/p>\n<ul style=\"text-align: justify;\">\n<li>COOKIES DE SESI\u00d3N: Son aquellas dise\u00f1adas para recabar y almacenar datos mientras el usuario accede a una p\u00e1gina web. Se suelen emplear para almacenar informaci\u00f3n que solo interesa conservar para la prestaci\u00f3n del servicio solicitado por el usuario en una sola ocasi\u00f3n (por ejemplo, una lista de productos adquiridos) y desaparecen al terminar la sesi\u00f3n<\/li>\n<li>COOKIES PERSISTENTES: Son aquellas en las que los datos siguen almacenados en el terminal y pueden ser accedidos y tratados durante un periodo definido por el responsable de la cookie, y que puede ir de unos minutos a varios a\u00f1os.<\/li>\n<\/ul>\n<p style=\"text-align: justify;\"><strong>SEG\u00daN SU FINALIDAD<\/strong><\/p>\n<ul style=\"text-align: justify;\">\n<li>COOKIES T\u00c9CNICAS: Son aquellas que permiten\u00a0 al usuario la navegaci\u00f3n a trav\u00e9s de una p\u00e1gina web, plataforma o aplicaci\u00f3n y la utilizaci\u00f3n de las diferentes opciones o servicios que en ella existan<\/li>\n<li>COOKIES DE PERSONALIZACI\u00d3N: Permiten aplicar caracter\u00edsticas propias para la navegaci\u00f3n del usuario por el website (Ej. idioma).<\/li>\n<li>COOKIES DE AN\u00c1LISIS: Son aquellas que permiten al responsable de las mismas el seguimiento y an\u00e1lisis del comportamiento de los usuarios de los sitios web a los que est\u00e1n vinculadas, incluida la cuantificaci\u00f3n de los impactos de los anuncios. La informaci\u00f3n recogida mediante este tipo de cookies se utiliza en la medici\u00f3n de la actividad de los sitios web, aplicaci\u00f3n o plataforma, con el fin de introducir mejoras en funci\u00f3n del an\u00e1lisis de los datos de uso que hacen los usuarios del servicio<\/li>\n<li>COOKIES PUBLICITARIAS: Permiten al editor incluir en la p\u00e1gina web espacios publicitarios, seg\u00fan el contenido de la propia web.<\/li>\n<li>COOKIES DE PUBLICIDAD COMPORTAMENTAL: Son aquellas que almacenan informaci\u00f3n del comportamiento de los usuarios obtenida a trav\u00e9s de la observaci\u00f3n continuada de sus h\u00e1bitos de navegaci\u00f3n, lo que permite desarrollar un perfil espec\u00edfico para mostrar publicidad en funci\u00f3n del mismo.<\/li>\n<\/ul>\n<p style=\"text-align: justify;\">Conforme a lo dispuesto en el art\u00edculo 22.2 de la Ley 34\/2002, de 11 de julio, de Servicios de la Sociedad de la Informaci\u00f3n y de Comercio Electr\u00f3nico (LSSI-CE) vigente, SOCIEDAD BARCELONESA DE ESTUDIOS ECONOMICOS Y SOCIALES debe cumplir con la obligaci\u00f3n de informar sobre las cookies que utiliza y sus finalidades.<\/p>\n<p style=\"text-align: justify;\">Este sitio web utiliza cookies y\/o tecnolog\u00edas similares que almacenan y recuperan informaci\u00f3n cuando navegas. Las cookies permiten a una p\u00e1gina web, entre otras cosas, almacenar y recuperar informaci\u00f3n sobre los h\u00e1bitos de navegaci\u00f3n de un Usuario o de su equipo y, dependiendo de la informaci\u00f3n que contenga y de la forma en que utilice su equipo, pueden utilizarse para reconocer al Usuario.<\/p>\n<p style=\"text-align: justify;\">Las cookies son esenciales para el funcionamiento de internet, aportando innumerables ventajas en la prestaci\u00f3n de servicios interactivos, facilit\u00e1ndole al Usuario la navegaci\u00f3n y usabilidad de nuestra web.<\/p>\n<p style=\"text-align: justify;\">T\u00e9ngase en cuenta que, si acepta las cookies de terceros, deber\u00e1 eliminarlas desde las opciones del navegador o desde el sistema ofrecido por el propio tercero.<\/p>\n<p style=\"text-align: justify;\">A continuaci\u00f3n le proporcionamos los enlaces de diversos navegadores, a trav\u00e9s de los cuales podr\u00e1 modificar la configuraci\u00f3n de su navegador sobre el uso de cookies:<\/p>\n<ul style=\"text-align: justify;\">\n<li><strong><em>Firefox desde aqu\u00ed:<\/em><\/strong> <a href=\"http:\/\/support.mozilla.org\/es\/kb\/habilitar-y-deshabilitar-cookies-que-los-sitios-we\"><em>http:\/\/support.mozilla.org\/es\/kb\/habilitar-y-deshabilitar-cookies-que-los-sitios-we<\/em><\/a><\/li>\n<li><strong><em>Chrome desde aqu\u00ed:<\/em><\/strong> <a href=\"http:\/\/support.google.com\/chrome\/bin\/answer.py?hl=es&amp;answer=95647\"><em>http:\/\/support.google.com\/chrome\/bin\/answer.py?hl=es&amp;answer=95647<\/em><\/a><\/li>\n<li><strong><em>Explorer desde aqu\u00ed:<\/em><\/strong> <a href=\"http:\/\/windows.microsoft.com\/es-es\/internet-explorer\/delete-manage-cookies#ie=ie-10\"><em>http:\/\/windows.microsoft.com\/es-es\/internet-explorer\/delete-manage-cookies#ie=ie-10<\/em><\/a><\/li>\n<li><strong><em>Safari desde aqu\u00ed:<\/em><\/strong> <a href=\"https:\/\/support.apple.com\/kb\/ph17191?locale=es_ES\"><em>https:\/\/support.apple.com\/kb\/ph17191?locale=es_ES<\/em><\/a><\/li>\n<li><strong><em>Opera desde aqu\u00ed:<\/em><\/strong><a href=\"https:\/\/help.opera.com\/en\/latest\/web-preferences\/#cookies\"><em>https:\/\/help.opera.com\/en\/latest\/web-preferences\/#cookies<\/em><\/a><\/li>\n<\/ul>\n<p style=\"text-align: justify;\">Para conocer m\u00e1s informaci\u00f3n sobre el tratamiento de datos personales, le recomendamos visitar nuestro apartado \u201c<em><u>Pol\u00edtica de Privacidad<\/u><\/em>\u201d.<\/p>\n<p style=\"text-align: justify;\"><strong><u>\u00daLTIMA ACTUALIZACI\u00d3N<\/u><\/strong><strong>: <\/strong>Barcelona, febrero de 2021<\/p>\n<p>[\/et_pb_text][\/et_pb_column][\/et_pb_row][\/et_pb_section]<\/p>\n","protected":false},"excerpt":{"rendered":"<p>[et_pb_section fb_built=\u00bb1&#8243; _builder_version=\u00bb4.9.0&#8243; _module_preset=\u00bbdefault\u00bb da_disable_devices=\u00bboff|off|off\u00bb da_is_popup=\u00bboff\u00bb da_exit_intent=\u00bboff\u00bb da_has_close=\u00bbon\u00bb da_alt_close=\u00bboff\u00bb da_dark_close=\u00bboff\u00bb da_not_modal=\u00bbon\u00bb da_is_singular=\u00bboff\u00bb da_with_loader=\u00bboff\u00bb da_has_shadow=\u00bbon\u00bb][et_pb_row _builder_version=\u00bb4.9.0&#8243; _module_preset=\u00bbdefault\u00bb][et_pb_column type=\u00bb4_4&#8243; _builder_version=\u00bb4.9.0&#8243; _module_preset=\u00bbdefault\u00bb][et_pb_text _builder_version=\u00bb4.9.0&#8243; _module_preset=\u00bbdefault\u00bb hover_enabled=\u00bb0&#8243; sticky_enabled=\u00bb0&#8243;] POL\u00cdTICA DE COOKIES A trav\u00e9s de este sitio web no se recaban datos de car\u00e1cter personal de los usuarios sin su conocimiento, ni se ceden a terceros. Con la finalidad de ofrecerle [&hellip;]<\/p>\n","protected":false},"author":1,"featured_media":0,"parent":0,"menu_order":0,"comment_status":"closed","ping_status":"closed","template":"","meta":{"_et_pb_use_builder":"on","_et_pb_old_content":"<p>[et_pb_section fb_built=\"1\" _builder_version=\"4.9.0\" _module_preset=\"default\" da_disable_devices=\"off|off|off\" da_is_popup=\"off\" da_exit_intent=\"off\" da_has_close=\"on\" da_alt_close=\"off\" da_dark_close=\"off\" da_not_modal=\"on\" da_is_singular=\"off\" da_with_loader=\"off\" da_has_shadow=\"on\"][et_pb_row _builder_version=\"4.9.0\" _module_preset=\"default\"][et_pb_column type=\"4_4\" _builder_version=\"4.9.0\" _module_preset=\"default\"][et_pb_text _builder_version=\"4.9.0\" _module_preset=\"default\" hover_enabled=\"0\" sticky_enabled=\"0\"]<\/p><h2 style=\"text-align: left;\">POL\u00cdTICA DE COOKIES<\/h2><p style=\"text-align: justify;\">A trav\u00e9s d'aquest lloc web no es recullen dades de car\u00e0cter personal dels usuaris sense el seu coneixement, ni se cedeixen a tercers.<\/p><p style=\"text-align: justify;\">Amb la finalitat d'oferir el millor servei i amb l'objecte de facilitar l'\u00fas, s'analitzen el nombre de p\u00e0gines visitades, el nombre de visites, aix\u00ed com l'activitat dels visitants i la seva freq\u00fc\u00e8ncia d'utilitzaci\u00f3. A aquests efectes, SOCIEDAD BARCELONESA DE ESTUDIOS ECONOMICOS Y SOCIALES utilitza la informaci\u00f3 estad\u00edstica elaborada pel Prove\u00efdor de Serveis d'Internet.<\/p><p style=\"text-align: justify;\">SOCIEDAD BARCELONESA DE ESTUDIOS ECONOMICOS Y SOCIALES no utilitza cookies per recollir informaci\u00f3 dels usuaris, ni registra les adreces IP d'acc\u00e9s. \u00danicament s'utilitzen galetes pr\u00f2pies, de sessi\u00f3, amb finalitat t\u00e8cnica (aquelles que permeten a l'usuari la navegaci\u00f3 a trav\u00e9s del lloc web i la utilitzaci\u00f3 de les diferents opcions i serveis que en ella existeixen).<\/p><p style=\"text-align: justify;\">Una Cookie \u00e9s un fitxer que es descarrega al seu ordinador a l'accedir a determinades p\u00e0gines web. Les cookies permeten a una p\u00e0gina web, entre altres coses, emmagatzemar i recuperar informaci\u00f3 sobre els h\u00e0bits de navegaci\u00f3 d'un usuari o del seu equip i, depenent de la informaci\u00f3 que contingui i de la forma en qu\u00e8 utilitzi el seu equip, es poden utilitzar per recon\u00e8ixer a l'usuari.<\/p><p style=\"text-align: justify;\">Aquest lloc web pot contenir enlla\u00e7os a llocs web de tercers, les pol\u00edtiques de privacitat s\u00f3n alienes a SOCIEDAD BARCELONESA DE ESTUDIOS ECONOMICOS Y SOCIALES. A l'accedir a aquests llocs web vost\u00e8 pot decidir si accepta les seves pol\u00edtiques de privacitat i de cookies. Amb car\u00e0cter general, si navega per internet vost\u00e8 pot acceptar o rebutjar les galetes de tercers des de les opcions de configuraci\u00f3 del seu navegador.<\/p><h3 style=\"text-align: justify;\">TIPUS DE COOKIES<\/h3><p style=\"text-align: justify;\"><strong>SEGONS L'ENTITAT QUE LES GESTIONI<\/strong><\/p><ul style=\"text-align: justify;\"><li>COOKIES PR\u00d2PIES: S\u00f3n aquelles que s'envien a l'equip terminal de l'usuari des d'un equip o domini gestionat pel propi editor i des del qual es presta el servei sol\u00b7licitat per l'usuari<\/li><li>COOKIES DE TERCER: S\u00f3n aquelles que s'envien a l'equip terminal de l'usuari des d'un equip o domini que no \u00e9s gestionat per l'editor, sin\u00f3 per una altra entitat que tracta les dades obtingudes a trav\u00e9s de les cookies<\/li><\/ul><p style=\"text-align: justify;\"><strong>SEGONS EL TERMINI DE TEMPS QUE ROMANGUIN ACTIVADES<\/strong><\/p><ul style=\"text-align: justify;\"><li>COOKIES DE SESSI\u00d3: S\u00f3n aquelles dissenyades per a demanar i emmagatzemar dades mentre l'usuari accedeix a una p\u00e0gina web. Se solen emprar per emmagatzemar informaci\u00f3 que nom\u00e9s interessa conservar per a la prestaci\u00f3 de el servei sol\u00b7licitat per l'usuari en una sola ocasi\u00f3 (per exemple, una llista de productes adquirits) i desapareixen a l'acabar la sessi\u00f3<\/li><li>COOKIES PERSISTENTS: S\u00f3n aquelles en qu\u00e8 les dades segueixen emmagatzemats en el terminal i poden ser accedits i tractats durant un per\u00edode definit pel responsable de la galeta, i que pot anar d'uns minuts a diversos anys.<\/li><\/ul><p style=\"text-align: justify;\"><strong>SEGONS LA FINALITAT<\/strong><\/p><ul style=\"text-align: justify;\"><li>COOKIES T\u00c8CNIQUES: S\u00f3n aquelles que permeten a l'usuari la navegaci\u00f3 a trav\u00e9s d'una p\u00e0gina web, plataforma o aplicaci\u00f3 i la utilitzaci\u00f3 de les diferents opcions o serveis que en ella hi hagiS\u00f3n aquelles que permeten a l'usuari la navegaci\u00f3 a trav\u00e9s d'una p\u00e0gina web, plataforma o aplicaci\u00f3 i la utilitzaci\u00f3 de les diferents opcions o serveis que en ella hi hagi<\/li><li>COOKIES DE PERSONALITZACI\u00d3: Permeten aplicar caracter\u00edstiques pr\u00f2pies per a la navegaci\u00f3 de l'usuari pel lloc web (Ex. Idioma).<\/li><li>COOKIES D'AN\u00c0LISI: S\u00f3n aquelles que permeten el responsable de les mateixes el seguiment i an\u00e0lisi de l'comportament dels usuaris dels llocs web als que estan vinculades, inclosa la quantificaci\u00f3 dels impactes dels anuncis. La informaci\u00f3 recollida mitjan\u00e7ant aquest tipus de galetes s'utilitza en el mesurament de l'activitat dels llocs web, aplicaci\u00f3 o plataforma, per tal d'introduir millores en funci\u00f3 de l'an\u00e0lisi de les dades d'\u00fas que fan els usuaris de el servei.<\/li><li>COOKIES PUBLICIT\u00c0RIES: Permeten a l'editor incloure en la p\u00e0gina web espais publicitaris, segons el contingut de la pr\u00f2pia web.<\/li><li>COOKIES DE PUBLICITAT COMPORTAMENTAL: S\u00f3n aquelles que emmagatzemen informaci\u00f3 de l'comportament dels usuaris obtinguda a trav\u00e9s de l'observaci\u00f3 continuada dels seus h\u00e0bits de navegaci\u00f3, el que permet desenvolupar un perfil espec\u00edfic per mostrar publicitat en funci\u00f3 de la mateixa.<\/li><\/ul><p style=\"text-align: justify;\">D'acord amb el que disposa l'article 22.2 de la Llei 34\/2002, de 11 de juliol, de Serveis de la Societat de la Informaci\u00f3 i de Comer\u00e7 Electr\u00f2nic (LSSI-CE) vigent, SOCIEDAD BARCELONESA DE ESTUDIOS ECONOMICOS Y SOCIALES ha de complir amb la obligaci\u00f3 d'informar sobre les cookies que utilitza i les seves finalitats.<\/p><p style=\"text-align: justify;\">Aquest lloc web utilitza galetes i \/ o tecnologies similars que emmagatzemen i recuperen informaci\u00f3 quan navegues. Les cookies permeten a una p\u00e0gina web, entre altres coses, emmagatzemar i recuperar informaci\u00f3 sobre els h\u00e0bits de navegaci\u00f3 d'un usuari o del seu equip i, depenent de la informaci\u00f3 que contingui i de la forma en qu\u00e8 utilitzi el seu equip, es poden utilitzar per recon\u00e8ixer a l'Usuari.<\/p><p style=\"text-align: justify;\">Les cookies s\u00f3n essencials per al funcionament d'internet, aportant innombrables avantatges en la prestaci\u00f3 de serveis interactius, facilitant a l'usuari la navegaci\u00f3 i usabilitat de la nostra web.<\/p><p style=\"text-align: justify;\">Cal tenir en compte que, si accepta les galetes de tercers, haur\u00e0 eliminar des de les opcions de el navegador o des del sistema ofert pel propi tercer.<\/p><p style=\"text-align: justify;\">A continuaci\u00f3 li proporcionem els enlla\u00e7os de diversos navegadors, a trav\u00e9s dels quals podr\u00e0 modificar la configuraci\u00f3 del seu navegador sobre l'\u00fas de cookies:<\/p><ul style=\"text-align: justify;\"><li><strong><em>Firefox des d'aqu\u00ed:<\/em><\/strong> <a href=\"http:\/\/support.mozilla.org\/es\/kb\/habilitar-y-deshabilitar-cookies-que-los-sitios-we\"><em>http:\/\/support.mozilla.org\/es\/kb\/habilitar-y-deshabilitar-cookies-que-los-sitios-we<\/em><\/a><\/li><li><strong><em>Chrome des d'aqu\u00ed:<\/em><\/strong> <a href=\"http:\/\/support.google.com\/chrome\/bin\/answer.py?hl=es&answer=95647\"><em>http:\/\/support.google.com\/chrome\/bin\/answer.py?hl=es&answer=95647<\/em><\/a><\/li><li><strong><em>Explorer des d'aqu\u00ed:<\/em><\/strong> <a href=\"http:\/\/windows.microsoft.com\/es-es\/internet-explorer\/delete-manage-cookies#ie=ie-10\"><em>http:\/\/windows.microsoft.com\/es-es\/internet-explorer\/delete-manage-cookies#ie=ie-10<\/em><\/a><\/li><li><strong><em>Safari des d'aqu\u00ed:<\/em><\/strong> <a href=\"https:\/\/support.apple.com\/kb\/ph17191?locale=es_ES\"><em>https:\/\/support.apple.com\/kb\/ph17191?locale=es_ES<\/em><\/a><\/li><li><strong><em>Opera des d'aqu\u00ed:<\/em><\/strong><a href=\"https:\/\/help.opera.com\/en\/latest\/web-preferences\/#cookies\"><em>https:\/\/help.opera.com\/en\/latest\/web-preferences\/#cookies<\/em><\/a><\/li><\/ul><p style=\"text-align: justify;\">Per con\u00e8ixer m\u00e9s informaci\u00f3 sobre el tractament de dades personals, us recomanem visitar el nostre apartat \"Pol\u00edtica de Privacitat\".<\/p><p style=\"text-align: justify;\"><strong><u>\u00daLTIMA ACTUALITZACI\u00d3<\/u><\/strong><strong>: <\/strong>Barcelona, \u200b\u200bfebrer de 2021<\/p><p>[\/et_pb_text][\/et_pb_column][\/et_pb_row][\/et_pb_section]<\/p>","_et_gb_content_width":""},"_links":{"self":[{"href":"https:\/\/rethinkbcn.cat\/es\/wp-json\/wp\/v2\/pages\/6290"}],"collection":[{"href":"https:\/\/rethinkbcn.cat\/es\/wp-json\/wp\/v2\/pages"}],"about":[{"href":"https:\/\/rethinkbcn.cat\/es\/wp-json\/wp\/v2\/types\/page"}],"author":[{"embeddable":true,"href":"https:\/\/rethinkbcn.cat\/es\/wp-json\/wp\/v2\/users\/1"}],"replies":[{"embeddable":true,"href":"https:\/\/rethinkbcn.cat\/es\/wp-json\/wp\/v2\/comments?post=6290"}],"version-history":[{"count":2,"href":"https:\/\/rethinkbcn.cat\/es\/wp-json\/wp\/v2\/pages\/6290\/revisions"}],"predecessor-version":[{"id":6293,"href":"https:\/\/rethinkbcn.cat\/es\/wp-json\/wp\/v2\/pages\/6290\/revisions\/6293"}],"wp:attachment":[{"href":"https:\/\/rethinkbcn.cat\/es\/wp-json\/wp\/v2\/media?parent=6290"}],"curies":[{"name":"wp","href":"https:\/\/api.w.org\/{rel}","templated":true}]}}