{"id":6263,"date":"2021-02-27T12:36:25","date_gmt":"2021-02-27T11:36:25","guid":{"rendered":"https:\/\/rethink.mtconsulting.es\/?page_id=6263"},"modified":"2021-03-18T15:23:48","modified_gmt":"2021-03-18T14:23:48","slug":"aviso-legal","status":"publish","type":"page","link":"https:\/\/rethinkbcn.cat\/es\/aviso-legal\/","title":{"rendered":"Aviso legal"},"content":{"rendered":"<p>[et_pb_section fb_built=\u00bb1&#8243; _builder_version=\u00bb4.9.0&#8243; _module_preset=\u00bbdefault\u00bb da_disable_devices=\u00bboff|off|off\u00bb da_is_popup=\u00bboff\u00bb da_exit_intent=\u00bboff\u00bb da_has_close=\u00bbon\u00bb da_alt_close=\u00bboff\u00bb da_dark_close=\u00bboff\u00bb da_not_modal=\u00bbon\u00bb da_is_singular=\u00bboff\u00bb da_with_loader=\u00bboff\u00bb da_has_shadow=\u00bbon\u00bb][et_pb_row _builder_version=\u00bb4.9.0&#8243; _module_preset=\u00bbdefault\u00bb][et_pb_column type=\u00bb4_4&#8243; _builder_version=\u00bb4.9.0&#8243; _module_preset=\u00bbdefault\u00bb][et_pb_text _builder_version=\u00bb4.9.0&#8243; _module_preset=\u00bbdefault\u00bb hover_enabled=\u00bb0&#8243; sticky_enabled=\u00bb0&#8243;]<\/p>\n<h2 style=\"text-align: left;\">AVISO LEGAL<\/h2>\n<p><strong>INTRODUCCI\u00d3N<\/strong><\/p>\n<p style=\"text-align: justify;\">En cumplimiento de la Ley 34\/2002, de 11 de julio, de Servicios de la Sociedad de la Informaci\u00f3n y de Comercio Electr\u00f3nico (LSSI-CE), SOCIEDAD BARCELONESA DE ESTUDIOS ECONOMICOS Y SOCIALES informa que es titular del sitio web. De acuerdo con la exigencia del art\u00edculo 10 de la citada Ley, SOCIEDAD BARCELONESA DE ESTUDIOS ECONOMICOS Y SOCIALES informa de los siguientes datos:<\/p>\n<ul style=\"text-align: justify;\">\n<li>Ra\u00f3 Social: SOCIETAT BARCELONESA DE ESTUDIOS ECON\u00d3MICOS Y SOCIALES<\/li>\n<li>NIF: G42771139<\/li>\n<li>Direcci\u00f3n postal: VIA LAIETANA NUM 32 DE BARCELONA CP 08003<\/li>\n<li>Direcci\u00f3n electr\u00f3nica: info@lasocietat.cat<\/li>\n<li>Registro Mercantil: n\u00ba nacional 593-2021<\/li>\n<li>Objeto principal: Desarrollo de debates intelectuales entorno a la regi\u00f3n metropolitana de Barcelona<\/li>\n<li>DPD: Professional Grup Conversia SLU dpd.cliente@conversia.es<\/li>\n<\/ul>\n<h3 style=\"text-align: justify;\">USUARIO I R\u00c9GIMEN DE RESPONSABILIDADES<\/h3>\n<p style=\"text-align: justify;\">La navegaci\u00f3n, acceso y uso por el sitio web de SOCIEDAD BARCELONESA DE ESTUDIOS ECONOMICOS Y SOCIALES confiere la condici\u00f3n de usuario, por la que se aceptan, desde la navegaci\u00f3n por el sitio web de SOCIEDAD BARCELONESA DE ESTUDIOS ECONOMICOS Y SOCIALES, todas las condiciones de uso aqu\u00ed establecidas sin perjuicio de la aplicaci\u00f3n de la correspondiente normativa de obligado cumplimiento legal seg\u00fan el caso.<\/p>\n<p style=\"text-align: justify;\">El sitio web de SOCIEDAD BARCELONESA DE ESTUDIOS ECONOMICOS Y SOCIALES proporciona gran diversidad de informaci\u00f3n, servicios y datos. El usuario asume su responsabilidad en el uso correcto del sitio web. Esta responsabilidad se extender\u00e1 a:<\/p>\n<ul style=\"text-align: justify;\">\n<li>La veracidad y licitud de las informaciones aportadas por el usuario en los formularios extendidos por SOCIEDAD BARCELONESA DE ESTUDIOS ECONOMICOS Y SOCIALES para el acceso a ciertos contenidos o servicios ofrecidos por el web.<\/li>\n<li>El uso de la informaci\u00f3n, servicios y datos ofrecidos por SOCIEDAD BARCELONESA DE ESTUDIOS ECONOMICOS Y SOCIALES contrariamente a lo dispuesto por las presentes condiciones, la Ley, la moral, las buenas costumbres o el orden p\u00fablico, o que de cualquier otro modo puedan suponer lesi\u00f3n de los derechos de terceros o del mismo funcionamiento del sitio web.<\/li>\n<\/ul>\n<h3 style=\"text-align: justify;\">POL\u00cdTICA DE ENLACES Y EXENCIONES DE RESPONSABILIDAD<\/h3>\n<p style=\"text-align: justify;\">SOCIEDAD BARCELONESA DE ESTUDIOS ECONOMICOS Y SOCIALES no se hace responsable del contenido de los sitios web a los que el usuario pueda acceder a trav\u00e9s de los enlaces establecidos en su sitio web y declara que en ning\u00fan caso proceder\u00e1 a examinar o ejercitar ning\u00fan tipo de control sobre el contenido de otros sitios de la red. Asimismo, tampoco garantizar\u00e1 la disponibilidad t\u00e9cnica, exactitud, veracidad, validez o legalidad de sitios ajenos a su propiedad a los que se pueda acceder por medio de los enlaces.<\/p>\n<p style=\"text-align: justify;\">SOCIEDAD BARCELONESA DE ESTUDIOS ECONOMICOS Y SOCIALES declara haber adoptado todas las medidas necesarias para evitar cualquier da\u00f1o a los usuarios de su sitio web, que pudieran derivarse de la navegaci\u00f3n por su sitio web. En consecuencia, SOCIEDAD BARCELONESA DE ESTUDIOS ECONOMICOS Y SOCIALES no se hace responsable, en ning\u00fan caso, de los eventuales da\u00f1os que por la navegaci\u00f3n por Internet pudiera sufrir el usuario.<\/p>\n<p style=\"text-align: justify;\"><strong>MODIFICACIONES<\/strong><\/p>\n<p style=\"text-align: justify;\">SOCIEDAD BARCELONESA DE ESTUDIOS ECONOMICOS Y SOCIALES se reserva el derecho a realizar las modificaciones que considere oportunas, sin aviso previo, en el contenido de su sitio web. Tanto en lo referente a los contenidos del sitio web, como en las condiciones de uso del mismo, o en las condiciones generales de contrataci\u00f3n. Dichas modificaciones podr\u00e1n realizarse a trav\u00e9s de su sitio web por cualquier forma admisible en derecho y ser\u00e1n de obligado cumplimiento durante el tiempo en que se encuentren publicadas en el web y hasta que no sean modificadas v\u00e1lidamente por otras posteriores.<\/p>\n<p style=\"text-align: justify;\"><strong>PROPIEDAD INTELECTUAL E INDUSTRIAL<\/strong><\/p>\n<p style=\"text-align: justify;\">SOCIEDAD BARCELONESA DE ESTUDIOS ECONOMICOS Y SOCIALES por s\u00ed misma o como cesionaria, es titular de todos los derechos de propiedad intelectual e industrial de su p\u00e1gina web, as\u00ed como de los elementos contenidos en la misma (a t\u00edtulo enunciativo, im\u00e1genes, sonido, audio, v\u00eddeo, software o textos; marcas o logotipos, combinaciones de colores, estructura y dise\u00f1o, selecci\u00f3n de materiales usados, programas de ordenador necesarios para su funcionamiento, acceso y uso, etc.), titularidad de SOCIEDAD BARCELONESA DE ESTUDIOS ECONOMICOS Y SOCIALES. Ser\u00e1n, por consiguiente, obras protegidas como propiedad intelectual por el ordenamiento jur\u00eddico espa\u00f1ol, si\u00e9ndoles aplicables tanto la normativa espa\u00f1ola y comunitaria en este campo, como los tratados internacionales relativos a la materia y suscritos por Espa\u00f1a.<\/p>\n<p style=\"text-align: justify;\">Todos los derechos reservados. En virtud de lo dispuesto en la Ley de Propiedad Intelectual, quedan expresamente prohibidas la reproducci\u00f3n, la distribuci\u00f3n y la comunicaci\u00f3n p\u00fablica, incluida su modalidad de puesta a disposici\u00f3n, de la totalidad o parte de los contenidos de esta p\u00e1gina web, con fines comerciales, en cualquier soporte y por cualquier medio t\u00e9cnico, sin la autorizaci\u00f3n de SOCIEDAD BARCELONESA DE ESTUDIOS ECONOMICOS Y SOCIALES.<\/p>\n<p style=\"text-align: justify;\">El usuario se compromete a respetar los derechos de Propiedad Intelectual e Industrial titularidad de SOCIEDAD BARCELONESA DE ESTUDIOS ECONOMICOS Y SOCIALES. Podr\u00e1 visualizar los elementos del portal e incluso imprimirlos, copiarlos y almacenarlos en el disco duro de su ordenador o en cualquier otro soporte f\u00edsico siempre y cuando sea, \u00fanica y exclusivamente, para su uso personal y privado. El usuario deber\u00e1 abstenerse de suprimir, alterar, eludir o manipular cualquier dispositivo de protecci\u00f3n o sistema de seguridad que estuviera instalado en\u00a0 las p\u00e1ginas de SOCIEDAD BARCELONESA DE ESTUDIOS ECONOMICOS Y SOCIALES.<\/p>\n<p style=\"text-align: justify;\"><strong>CERTIFICADO SSL (SECURE SOCKETS LAYER)<\/strong><\/p>\n<p style=\"text-align: justify;\">El CERTIFICADO SSL proporciona autenticaci\u00f3n, privacidad y seguridad de la informaci\u00f3n entre SOCIEDAD BARCELONESA DE ESTUDIOS ECONOMICOS Y SOCIALES y el usuario.<\/p>\n<p style=\"text-align: justify;\">SOCIEDAD BARCELONESA DE ESTUDIOS ECONOMICOS Y SOCIALES dispone de un certificado de seguridad que se utiliza por CERTIFICADO SSL para realizar conexiones seguras.<\/p>\n<p style=\"text-align: justify;\">En este proceso se establecen varios par\u00e1metros para realizar la conexi\u00f3n de forma segura y se establece usando llaves preestablecidas, codificando y descodificando todos los datos enviados hasta que la conexi\u00f3n sea cerrada.<\/p>\n<p style=\"text-align: justify;\"><strong>ACCIONES LEGALES, LEGISLACI\u00d3N APLICABLE Y JURISDICCI\u00d3N<\/strong><\/p>\n<p style=\"text-align: justify;\">SOCIEDAD BARCELONESA DE ESTUDIOS ECONOMICOS Y SOCIALES se reserva, asimismo, la facultad de presentar las acciones civiles o penales que considere oportunas por la utilizaci\u00f3n indebida de su sitio web y contenidos, o por el incumplimiento de las presentes condiciones.<\/p>\n<p style=\"text-align: justify;\">La relaci\u00f3n entre el usuario y el prestador se regir\u00e1 por la normativa vigente y de aplicaci\u00f3n en el territorio espa\u00f1ol. De surgir cualquier controversia las partes podr\u00e1n someter sus conflictos a arbitraje o acudir a la jurisdicci\u00f3n ordinaria cumpliendo con las normas sobre jurisdicci\u00f3n y competencia al respecto. SOCIEDAD BARCELONESA DE ESTUDIOS ECONOMICOS Y SOCIALES tiene su domicilio en BARCELONA, Espa\u00f1a.<\/p>\n<p style=\"text-align: justify;\">Los contratos celebrados por v\u00eda electr\u00f3nica en los que intervenga como parte un consumidor se presumir\u00e1n celebrados en el lugar en que \u00e9ste tenga su residencia habitual.<\/p>\n<p style=\"text-align: justify;\">Los contratos electr\u00f3nicos entre empresarios o profesionales, en defecto de pacto entre las partes, se presumir\u00e1n celebrados en el lugar en que est\u00e9 establecido el prestador de servicios.<\/p>\n<p style=\"text-align: justify;\">Resoluci\u00f3n de litigios en l\u00ednea conforme al Art. 14.1 del Reglamento (UE) 524\/2013: La Comisi\u00f3n Europea facilita una plataforma de resoluci\u00f3n de litigios en l\u00ednea, la cual se encuentra disponible en el siguiente enlace<em>:<\/em> <a href=\"https:\/\/ec.europa.eu\/consumers\/odr\/\">https:\/\/ec.europa.eu\/consumers\/odr\/<\/a><\/p>\n<p style=\"text-align: justify;\"><strong><u>\u00daLTIMA ACTUALIZACI\u00d3N<\/u><\/strong><strong>: Barcelona, febrero de 2021.<\/strong><\/p>\n<p>[\/et_pb_text][\/et_pb_column][\/et_pb_row][\/et_pb_section]<\/p>\n","protected":false},"excerpt":{"rendered":"<p>[et_pb_section fb_built=\u00bb1&#8243; _builder_version=\u00bb4.9.0&#8243; _module_preset=\u00bbdefault\u00bb da_disable_devices=\u00bboff|off|off\u00bb da_is_popup=\u00bboff\u00bb da_exit_intent=\u00bboff\u00bb da_has_close=\u00bbon\u00bb da_alt_close=\u00bboff\u00bb da_dark_close=\u00bboff\u00bb da_not_modal=\u00bbon\u00bb da_is_singular=\u00bboff\u00bb da_with_loader=\u00bboff\u00bb da_has_shadow=\u00bbon\u00bb][et_pb_row _builder_version=\u00bb4.9.0&#8243; _module_preset=\u00bbdefault\u00bb][et_pb_column type=\u00bb4_4&#8243; _builder_version=\u00bb4.9.0&#8243; _module_preset=\u00bbdefault\u00bb][et_pb_text _builder_version=\u00bb4.9.0&#8243; _module_preset=\u00bbdefault\u00bb hover_enabled=\u00bb0&#8243; sticky_enabled=\u00bb0&#8243;] AVISO LEGAL INTRODUCCI\u00d3N En cumplimiento de la Ley 34\/2002, de 11 de julio, de Servicios de la Sociedad de la Informaci\u00f3n y de Comercio Electr\u00f3nico (LSSI-CE), SOCIEDAD BARCELONESA DE ESTUDIOS ECONOMICOS Y [&hellip;]<\/p>\n","protected":false},"author":1,"featured_media":0,"parent":0,"menu_order":0,"comment_status":"closed","ping_status":"closed","template":"","meta":{"_et_pb_use_builder":"on","_et_pb_old_content":"<p>[et_pb_section fb_built=\"1\" _builder_version=\"4.9.0\" _module_preset=\"default\" da_disable_devices=\"off|off|off\" da_is_popup=\"off\" da_exit_intent=\"off\" da_has_close=\"on\" da_alt_close=\"off\" da_dark_close=\"off\" da_not_modal=\"on\" da_is_singular=\"off\" da_with_loader=\"off\" da_has_shadow=\"on\"][et_pb_row _builder_version=\"4.9.0\" _module_preset=\"default\"][et_pb_column type=\"4_4\" _builder_version=\"4.9.0\" _module_preset=\"default\"][et_pb_text _builder_version=\"4.9.0\" _module_preset=\"default\" hover_enabled=\"0\" sticky_enabled=\"0\"]<\/p><h2 style=\"text-align: left;\">AV\u00cdS LEGAL<\/h2><p style=\"text-align: justify;\">Dades del propietari de la web:<\/p><ul style=\"text-align: justify;\"><li>Ra\u00f3 Social: SOCIETAT BARCELONINA D'ESTUDIS ECON\u00d2MICS I SOCIALS<\/li><li>NIF: G42771139<\/li><li>Adre\u00e7a: VIA LAIETANA NUM 32 DE BARCELONA CP 08003<\/li><li>Correu: info@lasocietat.cat<\/li><li>Registre Mercantil:<\/li><li>Objecte principal: Desenvolupament de debats Intel.lectuals entorn a la regi\u00f3 metropolitana de Barcelona<\/li><li>DPD: Professional Grup Conversia SLU dpd.cliente@conversia.es<\/li><\/ul><h3 style=\"text-align: justify;\">USUARI I R\u00c8GIM DE RESPONSABILITATS<\/h3><p style=\"text-align: justify;\">La navegaci\u00f3, acc\u00e9s i \u00fas pel lloc web de SOCIETAT BARCELONINA D'ESTUDIS ECON\u00d2MICS I SOCIALS confereix la condici\u00f3 d'usuari, per la que s'accepten, des de la navegaci\u00f3 pel lloc web de SOCIETAT BARCELONINA D'ESTUDIS ECON\u00d2MICS I SOCIALS, Totes les condicions d'\u00fas aqu\u00ed establertes sense perjudici de l'aplicaci\u00f3 de la corresponent normativa d'obligat compliment legal segons el cas.<\/p><p style=\"text-align: justify;\">El lloc web de SOCIETAT BARCELONINA D'ESTUDIS ECON\u00d2MICS I SOCIALSproporciona gran diversitat d'informaci\u00f3, serveis i dades. L'usuari assumeix la seva responsabilitat en l'\u00fas correcte de la p\u00e0gina web. Aquesta responsabilitat s'estendr\u00e0 a:<\/p><ul style=\"text-align: justify;\"><li>La veracitat i licitud de les informacions aportades per l'usuari en els formularis facilitats per SOCIETAT BARCELONINA D'ESTUDIS ECON\u00d2MICS I SOCIALS per a l'acc\u00e9s a determinats continguts o serveis oferts pel web.<\/li><li>L'\u00fas de la informaci\u00f3, serveis i dades ofertes per SOCIETAT BARCELONINA D'ESTUDIS ECON\u00d2MICS I SOCIALS contr\u00e0riament a all\u00f2 disposat per les presents condicions, la Llei, la moral, els bons costums o l'ordre p\u00fablic, o que de qualsevol altre forma pugui suposar lesi\u00f3 dels drets de tercers o de la mateixa funcionament del lloc web.<\/li><\/ul><h3 style=\"text-align: justify;\">\u00a0<\/h3><h3 style=\"text-align: justify;\">POL\u00cdTICA D'ENLLA\u00c7OS I EXEMPCIONS DE RESPONSABILITAT<\/h3><p style=\"text-align: justify;\">SOCIETAT BARCELONINA D'ESTUDIS ECON\u00d2MICS I SOCIALSno es fa responsable de l'contingut dels llocs web als quals l'usuari pugui accedir a trav\u00e9s dels enlla\u00e7os establerts en el seu lloc web i declara que en cap cas procedir\u00e0 a examinar o exercitar cap tipus de control sobre el contingut d'altres llocs de la xarxa. Aix\u00ed mateix, tampoc garantir\u00e0 la disponibilitat t\u00e8cnica, exactitud, veracitat, validesa o legalitat de llocs aliens a la seva propietat als quals es pugui accedir per mitj\u00e0 dels enlla\u00e7os.<\/p><p style=\"text-align: justify;\">SOCIETAT BARCELONINA D'ESTUDIS ECON\u00d2MICS I SOCIALSdeclara haver adoptat totes les mesures necess\u00e0ries per evitar qualsevol dany als usuaris del seu lloc web, que poguessin derivar-se de la navegaci\u00f3 pel seu lloc web. En conseq\u00fc\u00e8ncia,SOCIETAT BARCELONINA D'ESTUDIS ECON\u00d2MICS I SOCIALS no es fa responsable, en cap cas, dels eventuals danys que per la navegaci\u00f3 per Internet pogu\u00e9s patir l'usuari.<\/p><p style=\"text-align: justify;\"><strong>MODIFICACIONS<\/strong><\/p><p style=\"text-align: justify;\">SOCIETAT BARCELONINA D'ESTUDIS ECON\u00d2MICS I SOCIALSes reserva el dret a realitzar les modificacions que consideri oportunes, sense av\u00eds previ, en el contingut del seu lloc web. Tant pel que fa als continguts de la p\u00e0gina web, com en les condicions d'\u00fas de la mateixa, o en les condicions generals de contractaci\u00f3. Aquestes modificacions podran realitzar-se a trav\u00e9s del seu lloc web per qualsevol forma admissible en dret i seran d'obligat compliment durant el temps en qu\u00e8 es trobin publicades al web i fins que no siguin modificades v\u00e0lidament per altres posteriors.<\/p><p style=\"text-align: justify;\"><strong>PROPIETAT INTEL\u00b7LECTUAL I INDUSTRIAL<\/strong><\/p><p style=\"text-align: justify;\">SOCIETAT BARCELONINA D'ESTUDIS ECON\u00d2MICS I SOCIALS per si mateixa o com a cession\u00e0ria, \u00e9s titular de tots els drets de propietat intel\u00b7lectual i industrial de la seva p\u00e0gina web, aix\u00ed com dels elements continguts en la mateixa (a t\u00edtol enunciatiu, imatges, so, \u00e0udio, v\u00eddeo, programari o textos; marques o logotips, combinacions de colors, estructura i disseny, selecci\u00f3 de materials usats, programes d'ordinador necessaris per al seu funcionament, acc\u00e9s i \u00fas, etc.), titularitat de SOCIETAT BARCELONINA D'ESTUDIS ECON\u00d2MICS I SOCIALS. Seran, per tant, obres protegides com a propietat intel\u00b7lectual per l'ordenament jur\u00eddic espanyol, ser\u00e0 d'aplicaci\u00f3 tant la normativa espanyola i comunit\u00e0ria en aquest camp, com els tractats internacionals relatius a la mat\u00e8ria i subscrits per Espanya.<\/p><p style=\"text-align: justify;\">Tots els drets reservats. En virtut del que disposa la Llei de Propietat Intel\u00b7lectual, queden expressament prohibides la reproducci\u00f3, la distribuci\u00f3 i la comunicaci\u00f3 p\u00fablica, inclosa la seva modalitat de posada a disposici\u00f3, de la totalitat o part dels continguts d'aquesta p\u00e0gina web, amb fins comercials, en qualsevol suport i per qualsevol mitj\u00e0 t\u00e8cnic, sense l'autoritzaci\u00f3 deSOCIETAT BARCELONINA D'ESTUDIS ECON\u00d2MICS I SOCIALS.<\/p><p style=\"text-align: justify;\">L'usuari es compromet a respectar els drets de Propietat Intel\u00b7lectual i Industrial titularitat de SOCIETAT BARCELONINA D'ESTUDIS ECON\u00d2MICS I SOCIALS. Podr\u00e0 visualitzar els elements de el portal i fins i tot imprimir-los, copiar-los i emmagatzemar-los al disc dur del seu ordinador o en qualsevol altre suport f\u00edsic sempre que sigui, \u00fanica i exclusivament, per al seu \u00fas personal i privat. L'usuari haur\u00e0 d'abstenir-se de suprimir, alterar, eludir o manipular qualsevol dispositiu de protecci\u00f3 o sistema de seguretat que estigu\u00e9s instal\u00b7lat a les p\u00e0gines deSOCIETAT BARCELONINA D'ESTUDIS ECON\u00d2MICS I SOCIALS.<\/p><p style=\"text-align: justify;\"><strong>CERTIFICAT SSL (Secure Socket LAYER)<\/strong><\/p><p style=\"text-align: justify;\">El CERTIFICAT SSL proporciona autenticaci\u00f3, privacitat i seguretat de la informaci\u00f3 entre SOCIETAT BARCELONINA D'ESTUDIS ECON\u00d2MICS I SOCIALS i l'usuari.<\/p><p style=\"text-align: justify;\">SOCIETAT BARCELONINA D'ESTUDIS ECON\u00d2MICS I SOCIALS disposa d'un certificat de seguretat que s'utilitza per CERTIFICAT SSL per a realitzar connexions segures.<\/p><p style=\"text-align: justify;\">En aquest proc\u00e9s s'estableixen diversos par\u00e0metres per realitzar la connexi\u00f3 de forma segura i s'estableix usant claus preestablertes, codificant i descodificant totes les dades enviades fins que la connexi\u00f3 sigui tancada.<\/p><p style=\"text-align: justify;\"><strong>ACCIONS LEGALS, LEGISLACI\u00d3 APLICABLE I JURISDICCI\u00d3<\/strong><\/p><p style=\"text-align: justify;\">SOCIETAT BARCELONINA D'ESTUDIS ECON\u00d2MICS I SOCIALS es reserva, aix\u00ed mateix, la facultat de presentar les accions civils o penals que consideri oportunes per la utilitzaci\u00f3 indeguda del seu lloc web i continguts, o per l'incompliment de les presents condicions.<\/p><p style=\"text-align: justify;\">La relaci\u00f3 entre l'usuari i el prestador es regir\u00e0 per la normativa vigent i d'aplicaci\u00f3 en el territori espanyol. De sorgir qualsevol controv\u00e8rsia les parts podran sotmetre els seus conflictes a arbitratge o acudir a la jurisdicci\u00f3 ordin\u00e0ria complint amb les normes sobre jurisdicci\u00f3 i compet\u00e8ncia a l'respecte.SOCIETAT BARCELONINA D'ESTUDIS ECON\u00d2MICS I SOCIALS t\u00e9 el domicili a $ dd_provincia, Espanya.<\/p><p style=\"text-align: justify;\">Els contractes celebrats per via electr\u00f2nica en qu\u00e8 intervingui com a part un consumidor es presumiran celebrats en el lloc en qu\u00e8 aquest tingui la resid\u00e8ncia habitual.<\/p><p style=\"text-align: justify;\">Els contractes electr\u00f2nics entre empresaris o professionals, en defecte de pacte entre les parts, es presumiran celebrats en el lloc en qu\u00e8 estigui establert el prestador de serveis.<\/p><p style=\"text-align: justify;\">Resoluci\u00f3 de litigis en l\u00ednia d'acord amb l'Art. 14.1 de l'Reglament (UE) 524\/2013: La Comissi\u00f3 Europea facilita una plataforma de resoluci\u00f3 de litigis en l\u00ednia, la qual es troba disponible en el seg\u00fcent enlla\u00e7:<a href=\"https:\/\/ec.europa.eu\/consumers\/odr\/\">https:\/\/ec.europa.eu\/consumers\/odr\/<\/a><\/p><p style=\"text-align: justify;\"><strong><u>\u00daLTIMA ACTUALITZACI\u00d3<\/u><\/strong><strong>: Barcelona, \u200b\u200bfebrer de 2021.<\/strong><\/p><p>[\/et_pb_text][\/et_pb_column][\/et_pb_row][\/et_pb_section]<\/p>","_et_gb_content_width":""},"_links":{"self":[{"href":"https:\/\/rethinkbcn.cat\/es\/wp-json\/wp\/v2\/pages\/6263"}],"collection":[{"href":"https:\/\/rethinkbcn.cat\/es\/wp-json\/wp\/v2\/pages"}],"about":[{"href":"https:\/\/rethinkbcn.cat\/es\/wp-json\/wp\/v2\/types\/page"}],"author":[{"embeddable":true,"href":"https:\/\/rethinkbcn.cat\/es\/wp-json\/wp\/v2\/users\/1"}],"replies":[{"embeddable":true,"href":"https:\/\/rethinkbcn.cat\/es\/wp-json\/wp\/v2\/comments?post=6263"}],"version-history":[{"count":6,"href":"https:\/\/rethinkbcn.cat\/es\/wp-json\/wp\/v2\/pages\/6263\/revisions"}],"predecessor-version":[{"id":7108,"href":"https:\/\/rethinkbcn.cat\/es\/wp-json\/wp\/v2\/pages\/6263\/revisions\/7108"}],"wp:attachment":[{"href":"https:\/\/rethinkbcn.cat\/es\/wp-json\/wp\/v2\/media?parent=6263"}],"curies":[{"name":"wp","href":"https:\/\/api.w.org\/{rel}","templated":true}]}}