{"id":5932,"date":"2021-02-24T21:09:01","date_gmt":"2021-02-24T20:09:01","guid":{"rendered":"https:\/\/rethink.mtconsulting.es\/?page_id=5932"},"modified":"2021-03-01T22:54:21","modified_gmt":"2021-03-01T21:54:21","slug":"que-hacemos","status":"publish","type":"page","link":"https:\/\/rethinkbcn.cat\/es\/que-hacemos\/","title":{"rendered":"Qu\u00e9 hacemos"},"content":{"rendered":"<p>[et_pb_section fb_built=\u00bb1&#8243; _builder_version=\u00bb4.8.2&#8243; _module_preset=\u00bbdefault\u00bb da_disable_devices=\u00bboff|off|off\u00bb da_is_popup=\u00bboff\u00bb da_exit_intent=\u00bboff\u00bb da_has_close=\u00bbon\u00bb da_alt_close=\u00bboff\u00bb da_dark_close=\u00bboff\u00bb da_not_modal=\u00bbon\u00bb da_is_singular=\u00bboff\u00bb da_with_loader=\u00bboff\u00bb da_has_shadow=\u00bbon\u00bb][et_pb_row _builder_version=\u00bb4.8.2&#8243; _module_preset=\u00bbdefault\u00bb][et_pb_column type=\u00bb4_4&#8243; _builder_version=\u00bb4.8.2&#8243; _module_preset=\u00bbdefault\u00bb][et_pb_image src=\u00bbhttps:\/\/rethink.mtconsulting.es\/wp-content\/uploads\/2021\/02\/1300_que-fem-scaled.jpg\u00bb title_text=\u00bb1300_que fem\u00bb align=\u00bbcenter\u00bb _builder_version=\u00bb4.8.2&#8243; _module_preset=\u00bbdefault\u00bb width=\u00bb100%\u00bb module_alignment=\u00bbcenter\u00bb][\/et_pb_image][et_pb_text _builder_version=\u00bb4.9.0&#8243; _module_preset=\u00bbdefault\u00bb text_font=\u00bbAverta Light||||||||\u00bb hover_enabled=\u00bb0&#8243; sticky_enabled=\u00bb0&#8243;]<\/p>\n<p style=\"text-align: justify;\">Impulsar la Agenda Barcelona\/regi\u00f3n metropolitana elaborando un plan de acci\u00f3n 2020\/2030 que ayude a definir la regi\u00f3n metropolitana bas\u00e1ndose en los siguientes aspectos: sostenibilidad, movilidad, responsabilidad, ciencia, medio ambiente, salud, innovaci\u00f3n, tecnolog\u00eda, creatividad, ciencia, talento, colaboraci\u00f3n, cultura, industria y educaci\u00f3n como factores para el desarrollo de la entidad econ\u00f3mica y social de Barcelona.<\/p>\n<p>La Agenda Barcelona\/regi\u00f3n metropolitana 2020\/2030 ha de permitir activar las zonas de desarrollo econ\u00f3mico y creativo de Barcelona, reivindicar la Barcelona construida y la que se est\u00e1 construyendo y generar un amplio consenso entre el poder p\u00fablico y privado para repensar la ciudad. Se trata de poner en el centro de las estrategias de desarrollo de la ciudad su car\u00e1cter emprendedor, la necesidad de promover la formaci\u00f3n para garantizar su crecimiento y su reconocimiento como ciudad social, econ\u00f3mica y cultural.<\/p>\n<p>[\/et_pb_text][\/et_pb_column][\/et_pb_row][\/et_pb_section]<\/p>\n","protected":false},"excerpt":{"rendered":"<p>[et_pb_section fb_built=\u00bb1&#8243; _builder_version=\u00bb4.8.2&#8243; _module_preset=\u00bbdefault\u00bb da_disable_devices=\u00bboff|off|off\u00bb da_is_popup=\u00bboff\u00bb da_exit_intent=\u00bboff\u00bb da_has_close=\u00bbon\u00bb da_alt_close=\u00bboff\u00bb da_dark_close=\u00bboff\u00bb da_not_modal=\u00bbon\u00bb da_is_singular=\u00bboff\u00bb da_with_loader=\u00bboff\u00bb da_has_shadow=\u00bbon\u00bb][et_pb_row _builder_version=\u00bb4.8.2&#8243; _module_preset=\u00bbdefault\u00bb][et_pb_column type=\u00bb4_4&#8243; _builder_version=\u00bb4.8.2&#8243; _module_preset=\u00bbdefault\u00bb][et_pb_image src=\u00bbhttps:\/\/rethink.mtconsulting.es\/wp-content\/uploads\/2021\/02\/1300_que-fem-scaled.jpg\u00bb title_text=\u00bb1300_que fem\u00bb align=\u00bbcenter\u00bb _builder_version=\u00bb4.8.2&#8243; _module_preset=\u00bbdefault\u00bb width=\u00bb100%\u00bb module_alignment=\u00bbcenter\u00bb][\/et_pb_image][et_pb_text _builder_version=\u00bb4.9.0&#8243; _module_preset=\u00bbdefault\u00bb text_font=\u00bbAverta Light||||||||\u00bb hover_enabled=\u00bb0&#8243; sticky_enabled=\u00bb0&#8243;] Impulsar la Agenda Barcelona\/regi\u00f3n metropolitana elaborando un plan de acci\u00f3n 2020\/2030 que ayude a definir la regi\u00f3n metropolitana bas\u00e1ndose en los siguientes [&hellip;]<\/p>\n","protected":false},"author":1,"featured_media":0,"parent":0,"menu_order":0,"comment_status":"closed","ping_status":"closed","template":"","meta":{"_et_pb_use_builder":"on","_et_pb_old_content":"<p>[et_pb_section fb_built=\"1\" _builder_version=\"4.8.2\" _module_preset=\"default\" da_disable_devices=\"off|off|off\" da_is_popup=\"off\" da_exit_intent=\"off\" da_has_close=\"on\" da_alt_close=\"off\" da_dark_close=\"off\" da_not_modal=\"on\" da_is_singular=\"off\" da_with_loader=\"off\" da_has_shadow=\"on\"][et_pb_row _builder_version=\"4.8.2\" _module_preset=\"default\"][et_pb_column type=\"4_4\" _builder_version=\"4.8.2\" _module_preset=\"default\"][et_pb_image src=\"https:\/\/rethink.mtconsulting.es\/wp-content\/uploads\/2021\/02\/1300_que-fem-scaled.jpg\" title_text=\"1300_que fem\" align=\"center\" _builder_version=\"4.8.2\" _module_preset=\"default\" width=\"100%\" module_alignment=\"center\" hover_enabled=\"0\" sticky_enabled=\"0\"][\/et_pb_image][et_pb_text _builder_version=\"4.8.2\" _module_preset=\"default\" text_font=\"Averta Light||||||||\"]<\/p><p style=\"text-align: justify;\">Impulsar l\u2019Agenda Barcelona\/regi\u00f3 metropolitana elaborant un pla d\u2019acci\u00f3 2020\/2030 que ajudi a definir la regi\u00f3 metropolitana basant-se en els seg\u00fcents aspectes: sostenibilitat, mobilitat, responsabilitat, ci\u00e8ncia, medi ambient, salut, innovaci\u00f3, tecnologia, creativitat, ci\u00e8ncia, talent, col\u00b7laboraci\u00f3, cultura, ind\u00fastria i educaci\u00f3 com a factors per al desenvolupament de l\u2019entitat econ\u00f2mica i social de Barcelona.<\/p><p style=\"text-align: justify;\">L\u2019Agenda Barcelona\/regi\u00f3 metropolitana 2020\/2030 ha de permetre activar les zones de desenvolupament econ\u00f2mic i creatiu de Barcelona, reivindicar la Barcelona constru\u00efda i la que s\u2019est\u00e0 construint i generar un ampli consens entre el poder p\u00fablic i privat per repensar la ciutat. Es tracta de posar en el centre de les estrat\u00e8gies de desenvolupament de la ciutat el seu car\u00e0cter emprenedor, la necessitat de promoure la formaci\u00f3 per garantir el seu creixement i el seu reconeixement com a ciutat social, econ\u00f2mica i cultural.<\/p><p>[\/et_pb_text][\/et_pb_column][\/et_pb_row][\/et_pb_section]<\/p>","_et_gb_content_width":""},"_links":{"self":[{"href":"https:\/\/rethinkbcn.cat\/es\/wp-json\/wp\/v2\/pages\/5932"}],"collection":[{"href":"https:\/\/rethinkbcn.cat\/es\/wp-json\/wp\/v2\/pages"}],"about":[{"href":"https:\/\/rethinkbcn.cat\/es\/wp-json\/wp\/v2\/types\/page"}],"author":[{"embeddable":true,"href":"https:\/\/rethinkbcn.cat\/es\/wp-json\/wp\/v2\/users\/1"}],"replies":[{"embeddable":true,"href":"https:\/\/rethinkbcn.cat\/es\/wp-json\/wp\/v2\/comments?post=5932"}],"version-history":[{"count":4,"href":"https:\/\/rethinkbcn.cat\/es\/wp-json\/wp\/v2\/pages\/5932\/revisions"}],"predecessor-version":[{"id":6747,"href":"https:\/\/rethinkbcn.cat\/es\/wp-json\/wp\/v2\/pages\/5932\/revisions\/6747"}],"wp:attachment":[{"href":"https:\/\/rethinkbcn.cat\/es\/wp-json\/wp\/v2\/media?parent=5932"}],"curies":[{"name":"wp","href":"https:\/\/api.w.org\/{rel}","templated":true}]}}