{"id":5927,"date":"2021-02-02T13:42:10","date_gmt":"2021-02-02T12:42:10","guid":{"rendered":"https:\/\/rethink.mtconsulting.es\/organs-de-govern\/"},"modified":"2026-01-08T13:03:41","modified_gmt":"2026-01-08T11:03:41","slug":"organs-de-govern","status":"publish","type":"page","link":"https:\/\/rethinkbcn.cat\/es\/organs-de-govern\/","title":{"rendered":"\u00d3rganos de gobierno"},"content":{"rendered":"<p>[et_pb_section fb_built=\u00bb1&#8243; _builder_version=\u00bb4.8.2&#8243; _module_preset=\u00bbdefault\u00bb da_disable_devices=\u00bboff|off|off\u00bb da_is_popup=\u00bboff\u00bb da_exit_intent=\u00bboff\u00bb da_has_close=\u00bbon\u00bb da_alt_close=\u00bboff\u00bb da_dark_close=\u00bboff\u00bb da_not_modal=\u00bbon\u00bb da_is_singular=\u00bboff\u00bb da_with_loader=\u00bboff\u00bb da_has_shadow=\u00bbon\u00bb][et_pb_row column_structure=\u00bb1_2,1_2&#8243; _builder_version=\u00bb4.8.2&#8243; _module_preset=\u00bbdefault\u00bb][et_pb_column type=\u00bb1_2&#8243; _builder_version=\u00bb4.8.2&#8243; _module_preset=\u00bbdefault\u00bb][et_pb_text _builder_version=\u00bb4.9.0&#8243; _module_preset=\u00bbdefault\u00bb]<\/p>\n<h1>La Sociedad Barcelonesa de Estudios Econ\u00f3micos y Sociales est\u00e1 estructurada de la siguiente manera:<\/h1>\n<p>[\/et_pb_text][\/et_pb_column][et_pb_column type=\u00bb1_2&#8243; _builder_version=\u00bb4.8.2&#8243; _module_preset=\u00bbdefault\u00bb][\/et_pb_column][\/et_pb_row][\/et_pb_section][et_pb_section fb_built=\u00bb1&#8243; _builder_version=\u00bb4.8.2&#8243; _module_preset=\u00bbdefault\u00bb da_disable_devices=\u00bboff|off|off\u00bb da_is_popup=\u00bboff\u00bb da_exit_intent=\u00bboff\u00bb da_has_close=\u00bbon\u00bb da_alt_close=\u00bboff\u00bb da_dark_close=\u00bboff\u00bb da_not_modal=\u00bbon\u00bb da_is_singular=\u00bboff\u00bb da_with_loader=\u00bboff\u00bb da_has_shadow=\u00bbon\u00bb][et_pb_row disabled_on=\u00bbon|on|off\u00bb _builder_version=\u00bb4.9.0&#8243; _module_preset=\u00bbdefault\u00bb module_alignment=\u00bbcenter\u00bb custom_margin=\u00bb||150px||false|false\u00bb custom_padding=\u00bb||150px||false|false\u00bb][et_pb_column type=\u00bb4_4&#8243; _builder_version=\u00bb4.8.2&#8243; _module_preset=\u00bbdefault\u00bb][et_pb_text disabled_on=\u00bboff|off|off\u00bb admin_label=\u00bbTaula \u00d3rgans de Govern\u00bb _builder_version=\u00bb4.9.0&#8243; _module_preset=\u00bbdefault\u00bb custom_margin=\u00bb||80px||false|false\u00bb custom_margin_tablet=\u00bb||200px||false|false\u00bb custom_margin_phone=\u00bb\u00bb custom_margin_last_edited=\u00bbon|tablet\u00bb hover_enabled=\u00bb0&#8243; custom_css_main_element=\u00bbborder-top: 0px solid #eee !important;||    \u00bb sticky_enabled=\u00bb0&#8243;]<\/p>\n<table class=\" aligncenter\" style=\"border-collapse: collapse; width: 90.9091%; height: 148px; border: 0px solid #eeeeee !important;\">\n<tbody>\n<tr style=\"height: 46px;\">\n<td style=\"width: 22.1023%; height: 46px; vertical-align: top; border-top: 0px solid #eeeeee !important; border-bottom: 0px solid #eeeeee !important;\">\n<p><span style=\"font-size: 10pt;\"><strong>Presidencia<\/strong><\/span><\/p>\n<p><span style=\"font-size: 10pt;\">Josep S\u00e1nchez Llibre, Presidente de Foment del Treball.<\/span><\/p>\n<\/td>\n<td style=\"width: 1.9413%; height: 148px; border-right: 1px solid #000000; border-top: 0px solid #eeeeee !important; border-bottom: 0px solid #eeeeee !important; border-left: 0px solid #eeeeee !important;\" rowspan=\"3\">\u00a0<\/td>\n<td style=\"width: 2.14963%; height: 148px; border-top: 0px solid #eeeeee !important; border-bottom: 0px solid #eeeeee !important;\" rowspan=\"3\">\u00a0<\/td>\n<td style=\"width: 20.786%; height: 46px; vertical-align: top; border-top: 0px solid #eeeeee !important; border-bottom: 0px solid #eeeeee !important;\">\n<p><span style=\"font-size: 10pt;\"><strong>Junta de la Sociedad Barcelonesa de estudios econ\u00f3micos i sociales<\/strong><\/span><\/p>\n<p><span style=\"font-size: 10pt;\"><strong>Josep S\u00e1nchez Llibre, Presidente<\/strong><\/span><br \/><span style=\"font-size: 10pt;\">Mar Alarc\u00f3n, Vicepresidenta<br \/>Isabel Buesa, Vicepresidenta<\/span><br \/><span style=\"font-size: 10pt;\">Elisabeth Ca\u00f1igueral, Vicepresidenta<\/span><br \/><span style=\"font-size: 10pt;\">Joan Roget, Vicepresidente<\/span><br \/><span style=\"font-size: 10pt;\">David Tornos, Vicepresidente<\/span><br \/><span style=\"font-size: 10pt;\">Jordi Alberich, Vocal<\/span><br \/><span style=\"font-size: 10pt;\">Jordi Casas, Vocal<\/span><br \/><span style=\"font-size: 10pt;\">Laure\u00e0 Folch, Tesorero<\/span><br \/><span style=\"font-size: 10pt;\">Manuel J. Silva, Secretario<\/span><\/p>\n<p><span style=\"font-size: 10pt;\"><strong>Director<br \/><\/strong>F\u00e8lix Riera<\/span><\/p>\n<\/td>\n<td style=\"width: 2.54735%; height: 148px; border-right: 1px solid #000000; border-top: 0px solid #eeeeee !important; border-bottom: 0px solid #eeeeee !important; border-left: 0px solid #eeeeee !important;\" rowspan=\"3\">\u00a0<\/td>\n<td style=\"width: 2.65152%; height: 148px; border-top: 0px solid #eeeeee !important; border-bottom: 0px solid #eeeeee !important;\" rowspan=\"3\">\u00a0<\/td>\n<td style=\"width: 21.8662%; height: 46px; vertical-align: top; border-top: 0px solid #eeeeee !important; border-bottom: 0px solid #eeeeee !important;\">\n<p>&nbsp;<\/p>\n<p>&nbsp;<\/p>\n<\/td>\n<\/tr>\n<tr style=\"height: 10px;\">\n<td style=\"width: 22.1023%; vertical-align: top; height: 10px;\"><span style=\"font-size: 10pt;\"><strong>\u00a0<\/strong><\/span><\/td>\n<td style=\"width: 20.786%; vertical-align: top; height: 10px;\"><span style=\"font-size: 10pt;\"><strong>\u00a0<\/strong><\/span><\/td>\n<td style=\"width: 21.8662%; vertical-align: top; height: 10px;\"><span style=\"font-size: 10pt;\"><strong>\u00a0<\/strong><\/span><\/td>\n<\/tr>\n<tr style=\"height: 92px;\">\n<td style=\"width: 22.1023%; height: 92px; vertical-align: top;\">\u00a0<\/td>\n<td style=\"width: 20.786%; height: 92px; vertical-align: top;\">\n<p><span style=\"font-size: 10pt;\"><strong>Consejo asesor<\/strong><\/span><\/p>\n<p><span style=\"font-size: 10pt;\"><strong>Barcelona<br \/><\/strong><\/span><span style=\"font-size: 10pt;\">Isabel Buesa, Directora General de Endesa en Catalu\u00f1a<\/span><br \/><span style=\"font-size: 10pt;\">S\u00edlvia Alsina, CEO de Rom\u00e1n<\/span><br \/><span style=\"font-size: 10pt;\">Miquel Molina, periodista de La Vanguardia i escritor<\/span><br \/><span style=\"font-size: 10pt;\">F\u00e8lix Riera, director de SBEES<\/span><br \/><span style=\"font-size: 10pt;\">F\u00e8lix Riera, director de SBEES<\/span><br \/><span style=\"font-size: 10pt;\">Toni Brunet, consultor senior en asuntos p\u00fablicos y corporativos<\/span><\/p>\n<p><span style=\"font-size: 10pt;\"><strong>Madrid<br \/><\/strong><\/span><span style=\"font-size: 10pt;\">Beatriz Grande Pesquero, Directora de Relaciones Institucionales de EJASO ETL GLOBAL y ex Magistrada<\/span><br \/><span style=\"font-size: 10pt;\">Paco Hiraldo del Castillo, abogado y ex presidente del Consejo de Administraci\u00f3n de La Raz\u00f3n<\/span><br \/><span style=\"font-size: 10pt;\">Javi Lara, Senior Manager de PwC<\/span><br \/><span style=\"font-size: 10pt;\">Paloma Mart\u00edn Benito, presidenta de Lideremos Madrid y cofundadora y CEO en Hoop Carpool<\/span><br \/><span style=\"font-size: 10pt;\">Sonsoles \u00d3nega Salcedo, periodista y escritora<\/span><br \/><span style=\"font-size: 10pt;\">Victoria Plantalamor Contreras, consejera y CEO de Crimidesa y presidenta de la Asociaci\u00f3n de la Empresa Familiar de Madrid (ADEFAM)<\/span><br \/><span style=\"font-size: 10pt;\">Iv\u00e1n Redondo Bacaicoa, presidente de Redondo &amp; Asociados y ex director del gabinete de la presidencia del Gobierno<\/span><br \/><span style=\"font-size: 10pt;\">Alberto Ruiz Gallard\u00f3n, abogado, ex Ministro, ex presidente de la Comunidad de Madrid y ex alcalde de Madrid<\/span><br \/><span style=\"font-size: 10pt;\">Jordi Garc\u00eda Vi\u00f1a, abogado y catedr\u00e1tico de Derecho del Trabajo y de la Seguridad Social<\/span><br \/><span style=\"font-size: 10pt;\">Clemente Gonz\u00e1lez Soler, presidente de Alib\u00e9rico<\/span><\/p>\n<\/td>\n<td style=\"width: 21.8662%; height: 92px; vertical-align: top;\">\n<p><span style=\"font-size: 10pt;\"><strong>Direcci\u00f3n<\/strong><\/span><\/p>\n<p><span style=\"font-size: 10pt;\">F\u00e8lix Riera<\/span><\/p>\n<p>&nbsp;<\/p>\n<\/td>\n<\/tr>\n<\/tbody>\n<\/table>\n<p>&nbsp;<\/p>\n<p>&nbsp;<\/p>\n<p>[\/et_pb_text][et_pb_text disabled_on=\u00bbon|on|on\u00bb _builder_version=\u00bb4.8.2&#8243; _module_preset=\u00bbdefault\u00bb custom_margin=\u00bb||25px||false|false\u00bb custom_css_main_element=\u00bbborder-top: 0px solid #eee !important;||    \u00bb disabled=\u00bbon\u00bb]<\/p>\n<table class=\" aligncenter\" style=\"border-collapse: collapse; width: 90.9091%; height: 148px; border: 0px solid #eeeeee !important;\">\n<tbody>\n<tr style=\"height: 46px;\">\n<td style=\"width: 19.8106%; height: 46px; border-top: 0px solid #eeeeee !important; border-bottom: 0px solid #eeeeee !important; vertical-align: top;\">\n<p><strong>Presid\u00e8ncia<\/strong><\/p>\n<p>Josep S\u00e1nchez Llibre, Presidente del Foment del Treball.<\/p>\n<\/td>\n<td style=\"width: 3.29547%; height: 148px; border-right: 1px solid #000000; border-top: 0px solid #eeeeee !important; border-bottom: 0px solid #eeeeee !important; border-left: 0px solid #eeeeee !important;\" rowspan=\"3\">\u00a0<\/td>\n<td style=\"width: 3.08713%; height: 148px; border-top: 0px solid #eeeeee !important; border-bottom: 0px solid #eeeeee !important;\" rowspan=\"3\">\u00a0<\/td>\n<td style=\"width: 20.786%; height: 46px; vertical-align: top; border-top: 0px solid #eeeeee !important; border-bottom: 0px solid #eeeeee !important;\">\n<p><strong>Junta de la Societat Barcelonesa d\u2019estudis econ\u00f2mics i socials<\/strong><\/p>\n<p>David Tornos, c\u00e0rrec<br \/>Jordi Casas, c\u00e0rrec<br \/>Manel Silva, c\u00e0rrec<br \/>F\u00e8lix Riera, c\u00e0rrec<\/p>\n<\/td>\n<td style=\"width: 2.54735%; height: 148px; border-right: 1px solid #000000; border-top: 0px solid #eeeeee !important; border-bottom: 0px solid #eeeeee !important; border-left: 0px solid #eeeeee !important;\" rowspan=\"3\">\u00a0<\/td>\n<td style=\"width: 2.65152%; height: 148px; border-top: 0px solid #eeeeee !important; border-bottom: 0px solid #eeeeee !important;\" rowspan=\"3\">\u00a0<\/td>\n<td style=\"width: 21.8662%; height: 46px; vertical-align: top; border-top: 0px solid #eeeeee !important; border-bottom: 0px solid #eeeeee !important;\">\n<p><strong>Presid\u00e8ncia del consell de patrocinadors<\/strong><\/p>\n<p>\u00c0ngel Simon, Presidente del Consejo de patrocinadores de la Sociedad Barcelonesa de Estudios Econ\u00f3micos y Sociales y Presidente Ejecutivo de Aguas de Barcelona.<\/p>\n<\/td>\n<\/tr>\n<\/tbody>\n<\/table>\n<p>&nbsp;<\/p>\n<p>&nbsp;<\/p>\n<p>&nbsp;<\/p>\n<p>&nbsp;<\/p>\n<table class=\" aligncenter\" style=\"border-collapse: collapse; width: 90.9091%; height: 148px; border: 0px solid #eeeeee !important;\">\n<tbody>\n<tr style=\"height: 92px;\">\n<td style=\"width: 19.8106%; height: 92px; vertical-align: top; border-right: 1px solid #000000; border-top: 0px solid #eeeeee !important; border-bottom: 0px solid #eeeeee !important; border-left: 0px solid #eeeeee !important;\"><strong>Composici\u00f3 del consell<\/strong><br \/><strong>de patrocinadors<\/strong><\/td>\n<td style=\"width: 20.786%; height: 92px; vertical-align: top; border-right: 1px solid #000000; border-top: 0px solid #eeeeee !important; border-bottom: 0px solid #eeeeee !important; border-left: 0px solid #eeeeee !important;\">\n<p><strong>Consell assessor<\/strong><\/p>\n<p>Pedro Vega<br \/>Isabel Buesa<br \/>S\u00edlvia Alsina<br \/>Miquel Molina<br \/>F\u00e8lix Riera<\/p>\n<\/td>\n<td style=\"width: 21.8662%; height: 92px; vertical-align: top;\">\n<p><strong>Direcci\u00f3<\/strong><\/p>\n<p>F\u00e8lix Riera<\/p>\n<p>&nbsp;<\/p>\n<\/td>\n<\/tr>\n<\/tbody>\n<\/table>\n<p>&nbsp;<\/p>\n<p>&nbsp;<\/p>\n<p>&nbsp;<\/p>\n<p>&nbsp;<\/p>\n<p>&nbsp;<\/p>\n<p>&nbsp;<\/p>\n<p>&nbsp;<\/p>\n<p>&nbsp;<\/p>\n<p>[\/et_pb_text][\/et_pb_column][\/et_pb_row][et_pb_row disabled_on=\u00bboff|off|on\u00bb _builder_version=\u00bb4.9.0&#8243; _module_preset=\u00bbdefault\u00bb module_alignment=\u00bbcenter\u00bb custom_margin=\u00bb-35px||||false|false\u00bb][et_pb_column type=\u00bb4_4&#8243; _builder_version=\u00bb4.8.2&#8243; _module_preset=\u00bbdefault\u00bb][et_pb_text admin_label=\u00bbTaula \u00d3rgans de govern per tablet i m\u00f2bil\u00bb _builder_version=\u00bb4.9.0&#8243; _module_preset=\u00bbdefault\u00bb custom_margin=\u00bb||25px||false|false\u00bb hover_enabled=\u00bb0&#8243; custom_css_main_element=\u00bbborder-top: 0px solid #eee !important;||    \u00bb sticky_enabled=\u00bb0&#8243;]<\/p>\n<p><strong>Presidencia: <\/strong><\/p>\n<p>Josep S\u00e1nchez Llibre, Presidente de Foment del Treball.<\/p>\n<p><strong>Junta de la Sociedad Barcelonesa de estudios econ\u00f3micos y sociales<\/strong><\/p>\n<p><strong>Josep S\u00e1nchez Llibre, Presidente<\/strong><br \/>Mar Alarc\u00f3n, Vicepresidenta<br \/>Isabel Buesa, Vicepresidenta<br \/>Elisabeth Ca\u00f1igueral, Vicepresidenta<br \/>Joan Roget, Vicepresidente<br \/>David Tornos, Vicepresidente<br \/>Jordi Alberich, Vocal<br \/>Jordi Casas, Vocal<br \/>Laure\u00e0 Folch, Tesorero<br \/>Manuel J. Silva, Secretario<\/p>\n<p><strong>Director<br \/><\/strong>F\u00e8lix Riera<\/p>\n<p><strong>Consejo asesor<\/strong><\/p>\n<p><strong>Barcelona<\/strong><\/p>\n<p>Isabel Buesa, Directora General de Endesa en Catalunya<br \/>S\u00edlvia Alsina, CEO de Rom\u00e1n<br \/>Miquel Molina, periodista de La Vanguardia y escritor<br \/>F\u00e8lix Riera, director de SBEES<br \/>Toni Brunet, consultor senior en asuntos p\u00fablicos y corporativos<\/p>\n<p><strong>Madrid<\/strong><\/p>\n<p>Beatriz Grande Pesquero, Directora de Relaciones Institucionales de EJASO ETL GLOBAL y ex Magistrada<br \/>Paco Hiraldo del Castillo, abogado y ex presidente del Consejo de Administraci\u00f3n de La Raz\u00f3n<br \/>Javi Lara, Senior Manager de PwC<br \/>Paloma Mart\u00edn Benito, presidenta de Lideremos Madrid y cofundadora y CEO en Hoop Carpool<br \/>Sonsoles \u00d3nega Salcedo, periodista y escritora<br \/>Victoria Plantalamor Contreras, consejera y CEO de Crimidesa y presidenta de la Asociaci\u00f3n de la Empresa Familiar de Madrid (ADEFAM)<br \/>Iv\u00e1n Redondo Bacaicoa, presidente de Redondo &amp; Asociados y ex director del gabinete de la presidencia del Gobierno<br \/>Alberto Ruiz Gallard\u00f3n, abogado, ex Ministro, ex presidente de la Comunidad de Madrid y ex alcalde de Madrid<br \/>Jordi Garc\u00eda Vi\u00f1a, abogado y catedr\u00e1tico de Derecho del Trabajo y de la Seguridad Social<br \/>Clemente Gonz\u00e1lez Soler, presidente de Alib\u00e9rico<\/p>\n<p><strong>Direcci\u00f3n<\/strong><\/p>\n<p>F\u00e8lix Riera<\/p>\n<p>[\/et_pb_text][\/et_pb_column][\/et_pb_row][et_pb_row disabled_on=\u00bboff|off|off\u00bb admin_label=\u00bbT\u00edtol Empreses&#8230; \u00bb _builder_version=\u00bb4.9.0&#8243; _module_preset=\u00bbdefault\u00bb][et_pb_column type=\u00bb4_4&#8243; _builder_version=\u00bb4.8.2&#8243; _module_preset=\u00bbdefault\u00bb][et_pb_text _builder_version=\u00bb4.9.0&#8243; _module_preset=\u00bbdefault\u00bb custom_margin=\u00bb25px||||false|false\u00bb]<\/p>\n<h3><\/h3>\n<h3><\/h3>\n<h3><\/h3>\n<h3><\/h3>\n<h3><\/h3>\n<h3><\/h3>\n<h3><\/h3>\n<h3><\/h3>\n<h3><\/h3>\n<h3><\/h3>\n<h3><\/h3>\n<h3><\/h3>\n<h3><\/h3>\n<h3><\/h3>\n<h3><\/h3>\n<h3><\/h3>\n<h3><\/h3>\n<h3><\/h3>\n<h3><\/h3>\n<h3><\/h3>\n<h3><\/h3>\n<h3><\/h3>\n<h3><\/h3>\n<h3><\/h3>\n<h3><\/h3>\n<h3><\/h3>\n<h3><\/h3>\n<h3><\/h3>\n<h3><\/h3>\n<h3><\/h3>\n<h3><\/h3>\n<h3><\/h3>\n<h3><\/h3>\n<h3><\/h3>\n<h3><\/h3>\n<h3><\/h3>\n<h3><\/h3>\n<h3><\/h3>\n<h3><\/h3>\n<h3><\/h3>\n<h3><\/h3>\n<h3><\/h3>\n<h3><\/h3>\n<h3><\/h3>\n<h3><\/h3>\n<h3><\/h3>\n<h3><\/h3>\n<h3><\/h3>\n<h3><\/h3>\n<h3><\/h3>\n<h3><\/h3>\n<h3><\/h3>\n<h3><\/h3>\n<h3><\/h3>\n<h3><\/h3>\n<h3><\/h3>\n<h3><\/h3>\n<h3><\/h3>\n<h3><\/h3>\n<h3><\/h3>\n<h3><\/h3>\n<h3><\/h3>\n<h3><\/h3>\n<h3><\/h3>\n<h3><\/h3>\n<h3><\/h3>\n<h3><\/h3>\n<h3><\/h3>\n<h3><\/h3>\n<h3><\/h3>\n<h3><\/h3>\n<h3><\/h3>\n<h3><\/h3>\n<h3><\/h3>\n<h3><\/h3>\n<h3><\/h3>\n<h3><\/h3>\n<h3><\/h3>\n<h3><\/h3>\n<h3><\/h3>\n<h3><\/h3>\n<h3><\/h3>\n<h3><\/h3>\n<h3><\/h3>\n<h3><\/h3>\n<h3><\/h3>\n<h3><\/h3>\n<h3><\/h3>\n<h3><\/h3>\n<h3><\/h3>\n<h3><\/h3>\n<h3><\/h3>\n<h3><\/h3>\n<h3><\/h3>\n<h3><\/h3>\n<h3><\/h3>\n<h3><\/h3>\n<h3><\/h3>\n<h3><\/h3>\n<h3><\/h3>\n<h3><\/h3>\n<h3><\/h3>\n<h3><\/h3>\n<h3><\/h3>\n<h3><\/h3>\n<h3><\/h3>\n<h3><\/h3>\n<h3><\/h3>\n<h3>Empresas colaboradoras<\/h3>\n<p>[\/et_pb_text][\/et_pb_column][\/et_pb_row][et_pb_row disabled_on=\u00bbon|on|on\u00bb admin_label=\u00bbT\u00edtol Empreses&#8230; per a tauleta\u00bb _builder_version=\u00bb4.9.0&#8243; _module_preset=\u00bbdefault\u00bb custom_margin=\u00bb150px||||false|false\u00bb disabled=\u00bbon\u00bb][et_pb_column type=\u00bb4_4&#8243; _builder_version=\u00bb4.8.2&#8243; _module_preset=\u00bbdefault\u00bb][et_pb_text _builder_version=\u00bb4.8.2&#8243; _module_preset=\u00bbdefault\u00bb custom_margin=\u00bb25px||||false|false\u00bb]<\/p>\n<h3>Empresas colaboradoras<\/h3>\n<p>[\/et_pb_text][\/et_pb_column][\/et_pb_row][et_pb_row column_structure=\u00bb1_4,1_4,1_4,1_4&#8243; _builder_version=\u00bb4.8.2&#8243; _module_preset=\u00bbdefault\u00bb][et_pb_column type=\u00bb1_4&#8243; _builder_version=\u00bb4.8.2&#8243; _module_preset=\u00bbdefault\u00bb][et_pb_image src=\u00bbhttps:\/\/rethinkbcn.cat\/wp-content\/uploads\/2021\/02\/Foment-del-treball-logotip-e1466242349680.png\u00bb title_text=\u00bbFoment-del-treball-logotip-e1466242349680&#8243; align=\u00bbcenter\u00bb _builder_version=\u00bb4.9.0&#8243; _module_preset=\u00bbdefault\u00bb][\/et_pb_image][\/et_pb_column][et_pb_column type=\u00bb1_4&#8243; _builder_version=\u00bb4.8.2&#8243; _module_preset=\u00bbdefault\u00bb][et_pb_image src=\u00bbhttps:\/\/rethinkbcn.cat\/wp-content\/uploads\/2021\/09\/logotipo_reducido.png\u00bb title_text=\u00bblogotipo_reducido\u00bb align=\u00bbcenter\u00bb disabled_on=\u00bboff|off|off\u00bb _builder_version=\u00bb4.9.0&#8243; _module_preset=\u00bbdefault\u00bb width=\u00bb60%\u00bb][\/et_pb_image][\/et_pb_column][et_pb_column type=\u00bb1_4&#8243; _builder_version=\u00bb4.8.2&#8243; _module_preset=\u00bbdefault\u00bb][et_pb_image src=\u00bbhttps:\/\/rethinkbcn.cat\/wp-content\/uploads\/2021\/02\/Foment-del-treball-logotip-e1466242349680.png\u00bb title_text=\u00bbFoment-del-treball-logotip-e1466242349680&#8243; align=\u00bbcenter\u00bb disabled_on=\u00bbon|on|on\u00bb _builder_version=\u00bb4.9.0&#8243; _module_preset=\u00bbdefault\u00bb disabled=\u00bbon\u00bb][\/et_pb_image][\/et_pb_column][et_pb_column type=\u00bb1_4&#8243; _builder_version=\u00bb4.8.2&#8243; _module_preset=\u00bbdefault\u00bb][et_pb_image src=\u00bbhttps:\/\/rethinkbcn.cat\/wp-content\/uploads\/2021\/02\/Foment-del-treball-logotip-e1466242349680.png\u00bb title_text=\u00bbFoment-del-treball-logotip-e1466242349680&#8243; align=\u00bbcenter\u00bb disabled_on=\u00bbon|on|on\u00bb _builder_version=\u00bb4.9.0&#8243; _module_preset=\u00bbdefault\u00bb disabled=\u00bbon\u00bb][\/et_pb_image][\/et_pb_column][\/et_pb_row][\/et_pb_section]<\/p>\n","protected":false},"excerpt":{"rendered":"<p>[et_pb_section fb_built=\u00bb1&#8243; _builder_version=\u00bb4.8.2&#8243; _module_preset=\u00bbdefault\u00bb da_disable_devices=\u00bboff|off|off\u00bb da_is_popup=\u00bboff\u00bb da_exit_intent=\u00bboff\u00bb da_has_close=\u00bbon\u00bb da_alt_close=\u00bboff\u00bb da_dark_close=\u00bboff\u00bb da_not_modal=\u00bbon\u00bb da_is_singular=\u00bboff\u00bb da_with_loader=\u00bboff\u00bb da_has_shadow=\u00bbon\u00bb][et_pb_row column_structure=\u00bb1_2,1_2&#8243; _builder_version=\u00bb4.8.2&#8243; _module_preset=\u00bbdefault\u00bb][et_pb_column type=\u00bb1_2&#8243; _builder_version=\u00bb4.8.2&#8243; _module_preset=\u00bbdefault\u00bb][et_pb_text _builder_version=\u00bb4.9.0&#8243; _module_preset=\u00bbdefault\u00bb] La Sociedad Barcelonesa de Estudios Econ\u00f3micos y Sociales est\u00e1 estructurada de la siguiente manera: [\/et_pb_text][\/et_pb_column][et_pb_column type=\u00bb1_2&#8243; _builder_version=\u00bb4.8.2&#8243; _module_preset=\u00bbdefault\u00bb][\/et_pb_column][\/et_pb_row][\/et_pb_section][et_pb_section fb_built=\u00bb1&#8243; _builder_version=\u00bb4.8.2&#8243; _module_preset=\u00bbdefault\u00bb da_disable_devices=\u00bboff|off|off\u00bb da_is_popup=\u00bboff\u00bb da_exit_intent=\u00bboff\u00bb da_has_close=\u00bbon\u00bb da_alt_close=\u00bboff\u00bb da_dark_close=\u00bboff\u00bb da_not_modal=\u00bbon\u00bb da_is_singular=\u00bboff\u00bb da_with_loader=\u00bboff\u00bb da_has_shadow=\u00bbon\u00bb][et_pb_row disabled_on=\u00bbon|on|off\u00bb _builder_version=\u00bb4.9.0&#8243; [&hellip;]<\/p>\n","protected":false},"author":1,"featured_media":0,"parent":0,"menu_order":0,"comment_status":"closed","ping_status":"closed","template":"","meta":{"_et_pb_use_builder":"on","_et_pb_old_content":"","_et_gb_content_width":""},"_links":{"self":[{"href":"https:\/\/rethinkbcn.cat\/es\/wp-json\/wp\/v2\/pages\/5927"}],"collection":[{"href":"https:\/\/rethinkbcn.cat\/es\/wp-json\/wp\/v2\/pages"}],"about":[{"href":"https:\/\/rethinkbcn.cat\/es\/wp-json\/wp\/v2\/types\/page"}],"author":[{"embeddable":true,"href":"https:\/\/rethinkbcn.cat\/es\/wp-json\/wp\/v2\/users\/1"}],"replies":[{"embeddable":true,"href":"https:\/\/rethinkbcn.cat\/es\/wp-json\/wp\/v2\/comments?post=5927"}],"version-history":[{"count":26,"href":"https:\/\/rethinkbcn.cat\/es\/wp-json\/wp\/v2\/pages\/5927\/revisions"}],"predecessor-version":[{"id":19357,"href":"https:\/\/rethinkbcn.cat\/es\/wp-json\/wp\/v2\/pages\/5927\/revisions\/19357"}],"wp:attachment":[{"href":"https:\/\/rethinkbcn.cat\/es\/wp-json\/wp\/v2\/media?parent=5927"}],"curies":[{"name":"wp","href":"https:\/\/api.w.org\/{rel}","templated":true}]}}